{"id":1877,"date":"2026-03-25T10:43:05","date_gmt":"2026-03-25T09:43:05","guid":{"rendered":"https:\/\/www.wasserwacht-auerbach.de\/?page_id=1877"},"modified":"2026-03-25T10:51:33","modified_gmt":"2026-03-25T09:51:33","slug":"2025-2","status":"publish","type":"page","link":"https:\/\/www.wasserwacht-auerbach.de\/index.php\/2025-2\/","title":{"rendered":"2025"},"content":{"rendered":"<div class=\"pt-cv-wrapper\"><div class=\"pt-cv-view pt-cv-blockgrid iscvblock iscvhybrid list1 layout1\" id=\"pt-cv-view-eb7010d1v5\"><div data-id=\"pt-cv-page-1\" class=\"pt-cv-page\" data-cvc=\"1\"><div class=\" pt-cv-content-item pt-cv-2-col\" ><h3 class=\"pt-cv-title\"><a href=\"https:\/\/www.wasserwacht-auerbach.de\/index.php\/2025\/01\/07\/spendenuebergabe-der-firma-cermak\/\" class=\"_self\" target=\"_self\" >Spenden\u00fcbergabe der Firma Cermak<\/a><\/h3>\n<div class=\"pt-cv-content\">\n<figure class=\"wp-block-image size-large\"><img fetchpriority=\"high\" fetchpriority=\"high\" decoding=\"async\" width=\"2000\" height=\"1201\" src=\"https:\/\/www.wasserwacht-auerbach.de\/wp-content\/uploads\/2025\/01\/cermak-nitzlbuch-2000x1201.jpg\" alt=\"\" class=\"wp-image-1530\" srcset=\"https:\/\/www.wasserwacht-auerbach.de\/wp-content\/uploads\/2025\/01\/cermak-nitzlbuch-2000x1201.jpg 2000w, https:\/\/www.wasserwacht-auerbach.de\/wp-content\/uploads\/2025\/01\/cermak-nitzlbuch-500x300.jpg 500w, https:\/\/www.wasserwacht-auerbach.de\/wp-content\/uploads\/2025\/01\/cermak-nitzlbuch-768x461.jpg 768w, https:\/\/www.wasserwacht-auerbach.de\/wp-content\/uploads\/2025\/01\/cermak-nitzlbuch-1536x923.jpg 1536w, https:\/\/www.wasserwacht-auerbach.de\/wp-content\/uploads\/2025\/01\/cermak-nitzlbuch-2048x1230.jpg 2048w\" sizes=\"(max-width: 2000px) 100vw, 2000px\" \/><\/figure>\n\n\n\n<p>Zum Jahresende spendete die Firma Cermak jeweils 500 \u20ac an die Knabenkapelle Auerbach, die Trachtenjugend Auerbach e.V., die FG Stadtgarde Auerbach e. V. und an uns zur Unterst\u00fctzung der Jugendarbeit in Auerbach. \ud83d\ude04<\/p>\n\n\n\n<p>Vielen Dank, wir freuen uns sehr dar\u00fcber!<br \/>Vergelt&#8217;s Gott!<\/p>\n\n\n\n<p>Wasserwacht Auerbach,<br \/>Patsch Nass! \ud83d\udca7<\/p>\n<\/div>\n<div class=\"pt-cv-meta-fields\"><span class=\"entry-date\"> <time datetime=\"2025-01-07T20:06:16+01:00\">07.01.2025<\/time><\/span><\/div><\/div>\n<div class=\" pt-cv-content-item pt-cv-2-col\" ><h3 class=\"pt-cv-title\"><a href=\"https:\/\/www.wasserwacht-auerbach.de\/index.php\/2025\/01\/14\/vilsschwimmen-2025\/\" class=\"_self\" target=\"_self\" >Vilsschwimmen 2025<\/a><\/h3>\n<div class=\"pt-cv-content\">\n<div class=\"alignnormal\"><div id=\"metaslider-id-1532\" style=\"width: 100%; margin: 0 auto;\" class=\"ml-slider-3-96-0 metaslider metaslider-flex metaslider-1532 ml-slider ms-theme-default\" role=\"region\" aria-roledescription=\"Slideshow\" aria-label=\"Vilsschwimmen-2025\">\n    <div id=\"metaslider_container_1532\">\n        <div id=\"metaslider_1532\">\n            <ul class='slides'>\n                <li style=\"display: block; width: 100%;\" class=\"slide-1540 ms-image \" aria-roledescription=\"slide\" aria-label=\"slide-1540\" data-date=\"2025-01-14 08:38:32\"><img decoding=\"async\" src=\"https:\/\/www.wasserwacht-auerbach.de\/wp-content\/uploads\/2025\/01\/Vilsschwimmen_2025-3-scaled-800x600.jpg\" height=\"600\" width=\"800\" alt=\"\" class=\"slider-1532 slide-1540\" title=\"Vilsschwimmen_2025 (3)\" \/><\/li>\n                <li style=\"display: none; width: 100%;\" class=\"slide-1539 ms-image \" aria-roledescription=\"slide\" aria-label=\"slide-1539\" data-date=\"2025-01-14 08:38:32\"><img decoding=\"async\" src=\"https:\/\/www.wasserwacht-auerbach.de\/wp-content\/uploads\/2025\/01\/Vilsschwimmen_2025-6-800x600.jpg\" height=\"600\" width=\"800\" alt=\"\" class=\"slider-1532 slide-1539\" title=\"Vilsschwimmen_2025 (6)\" \/><\/li>\n                <li style=\"display: none; width: 100%;\" class=\"slide-1541 ms-image \" aria-roledescription=\"slide\" aria-label=\"slide-1541\" data-date=\"2025-01-14 08:38:32\"><img loading=\"lazy\" loading=\"lazy\" decoding=\"async\" src=\"https:\/\/www.wasserwacht-auerbach.de\/wp-content\/uploads\/2025\/01\/Vilsschwimmen_2025-5-scaled-800x600.jpg\" height=\"600\" width=\"800\" alt=\"\" class=\"slider-1532 slide-1541\" title=\"Vilsschwimmen_2025 (5)\" \/><\/li>\n                <li style=\"display: none; width: 100%;\" class=\"slide-1542 ms-image \" aria-roledescription=\"slide\" aria-label=\"slide-1542\" data-date=\"2025-01-14 08:38:32\"><img loading=\"lazy\" loading=\"lazy\" decoding=\"async\" src=\"https:\/\/www.wasserwacht-auerbach.de\/wp-content\/uploads\/2025\/01\/Vilsschwimmen_2025-4-800x600.jpg\" height=\"600\" width=\"800\" alt=\"\" class=\"slider-1532 slide-1542\" title=\"Vilsschwimmen_2025 (4)\" \/><\/li>\n                <li style=\"display: none; width: 100%;\" class=\"slide-1543 ms-image \" aria-roledescription=\"slide\" aria-label=\"slide-1543\" data-date=\"2025-01-14 08:38:32\"><img loading=\"lazy\" loading=\"lazy\" decoding=\"async\" src=\"https:\/\/www.wasserwacht-auerbach.de\/wp-content\/uploads\/2025\/01\/Vilsschwimmen_2025-1-800x600.jpg\" height=\"600\" width=\"800\" alt=\"\" class=\"slider-1532 slide-1543\" title=\"Vilsschwimmen_2025 (1)\" \/><\/li>\n                <li style=\"display: none; width: 100%;\" class=\"slide-1544 ms-image \" aria-roledescription=\"slide\" aria-label=\"slide-1544\" data-date=\"2025-01-14 08:38:32\"><img loading=\"lazy\" loading=\"lazy\" decoding=\"async\" src=\"https:\/\/www.wasserwacht-auerbach.de\/wp-content\/uploads\/2025\/01\/Vilsschwimmen_2025-2-800x600.jpg\" height=\"600\" width=\"800\" alt=\"\" class=\"slider-1532 slide-1544\" title=\"Vilsschwimmen_2025 (2)\" \/><\/li>\n            <\/ul>\n        <\/div>\n        \n    <\/div>\n<\/div><\/div>\n\n\n\n<p>Traditionell fand auch dieses Jahr am 6. Januar das Vilsschwimmen in Hahnbach statt. Insgesamt 133 Teilnehmer st\u00fcrzten sich ins kalte Nass, 33 davon aus unserer Ortsgruppe. \ud83e\udd76<\/p>\n\n\n\n<p>Leider reichte diese Zahl &#8222;nur&#8220; f\u00fcr den zweiten Platz. Wir gratulieren der Wasserwacht Hirschau zum ersten Platz mit 37 und der Wasserwacht Vilstal-K\u00fcmmersbruck f\u00fcr den dritten Platz mit 17 Teilnehmern. Nichtsdestotrotz war es f\u00fcr alle ein gro\u00dfartiges Event mit einer Menge Spa\u00df im 4 Grad kalten Wasser. \ud83d\ude01<\/p>\n\n\n\n<p>Wir danken der Wasserwacht Hahnbach f\u00fcr die Organisation und freuen uns bereits darauf, im n\u00e4chsten Jahr wieder dabei sein zu d\u00fcrfen!<\/p>\n\n\n\n<p>Wasserwacht Auerbach,<br \/>Patsch Nass! \ud83d\udca6<\/p>\n<\/div>\n<div class=\"pt-cv-meta-fields\"><span class=\"entry-date\"> <time datetime=\"2025-01-14T08:40:21+01:00\">14.01.2025<\/time><\/span><\/div><\/div>\n<div class=\" pt-cv-content-item pt-cv-2-col\" ><h3 class=\"pt-cv-title\"><a href=\"https:\/\/www.wasserwacht-auerbach.de\/index.php\/2025\/01\/14\/jugendausflug-in-das-kurfuerstenbad-amberg\/\" class=\"_self\" target=\"_self\" >Jugendausflug in das Kurf\u00fcrstenbad Amberg<\/a><\/h3>\n<div class=\"pt-cv-content\">\n<figure class=\"wp-block-image size-large\"><img loading=\"lazy\" loading=\"lazy\" decoding=\"async\" width=\"2000\" height=\"1125\" src=\"https:\/\/www.wasserwacht-auerbach.de\/wp-content\/uploads\/2025\/01\/Ausflug_Kurfuerstenbad_Minis_2025-2000x1125.jpg\" alt=\"\" class=\"wp-image-1548\" srcset=\"https:\/\/www.wasserwacht-auerbach.de\/wp-content\/uploads\/2025\/01\/Ausflug_Kurfuerstenbad_Minis_2025-2000x1125.jpg 2000w, https:\/\/www.wasserwacht-auerbach.de\/wp-content\/uploads\/2025\/01\/Ausflug_Kurfuerstenbad_Minis_2025-500x281.jpg 500w, https:\/\/www.wasserwacht-auerbach.de\/wp-content\/uploads\/2025\/01\/Ausflug_Kurfuerstenbad_Minis_2025-768x432.jpg 768w, https:\/\/www.wasserwacht-auerbach.de\/wp-content\/uploads\/2025\/01\/Ausflug_Kurfuerstenbad_Minis_2025-1536x864.jpg 1536w, https:\/\/www.wasserwacht-auerbach.de\/wp-content\/uploads\/2025\/01\/Ausflug_Kurfuerstenbad_Minis_2025-2048x1152.jpg 2048w\" sizes=\"(max-width: 2000px) 100vw, 2000px\" \/><\/figure>\n\n\n\n<p>Eigentlich w\u00e4re das Weihnachtsgeschenk f\u00fcr unsere Jugendgruppe ein gemeinsamer Ausflug in die Therme Weiden gewesen. Da diese aber momentan wegen Sparma\u00dfnahmen den Au\u00dfenbereich geschlossen hat, mussten wir umplanen. \ud83e\udd14<\/p>\n\n\n\n<p>Stattdessen besuchten wir vergangenen Samstag mit unseren Gruppen Mini I und Mini II das Kurf\u00fcrstenbad in Amberg. 33 Kinder und 8 Trainer waren mit viel Freude dabei. \ud83c\udfca\ud83c\udffc\u200d\u2640\ufe0f<\/p>\n\n\n\n<p>Mit den restlichen Gruppen JuWa I, JuWa II und den Rettungsschwimmern folgt demn\u00e4chst ebenfalls ein Ausflug in eine Therme. \ud83d\ude09<\/p>\n\n\n\n<p>Wasserwacht Auerbach,<br \/>Patsch Nass! \ud83d\udca6<\/p>\n<\/div>\n<div class=\"pt-cv-meta-fields\"><span class=\"entry-date\"> <time datetime=\"2025-01-14T09:15:43+01:00\">14.01.2025<\/time><\/span><\/div><\/div>\n<div class=\" pt-cv-content-item pt-cv-2-col\" ><h3 class=\"pt-cv-title\"><a href=\"https:\/\/www.wasserwacht-auerbach.de\/index.php\/2025\/01\/14\/eisrettungsuebung-der-kreiswasserwacht-in-auerbach\/\" class=\"_self\" target=\"_self\" >Eisrettungs\u00fcbung der Kreiswasserwacht in Auerbach<\/a><\/h3>\n<div class=\"pt-cv-content\">\n<div class=\"alignnormal\"><div id=\"metaslider-id-1561\" style=\"width: 100%; margin: 0 auto;\" class=\"ml-slider-3-96-0 metaslider metaslider-flex metaslider-1561 ml-slider ms-theme-default\" role=\"region\" aria-roledescription=\"Slideshow\" aria-label=\"Eisrettungs\u00fcbung-Januar-2025\">\n    <div id=\"metaslider_container_1561\">\n        <div id=\"metaslider_1561\">\n            <ul class='slides'>\n                <li style=\"display: block; width: 100%;\" class=\"slide-1569 ms-image \" aria-roledescription=\"slide\" aria-label=\"slide-1569\" data-date=\"2025-01-14 11:02:00\"><img loading=\"lazy\" loading=\"lazy\" decoding=\"async\" src=\"https:\/\/www.wasserwacht-auerbach.de\/wp-content\/uploads\/2025\/01\/Eisrettungsuebung_Januar_2025-1-800x600.png\" height=\"600\" width=\"800\" alt=\"\" class=\"slider-1561 slide-1569\" title=\"Eisrettungs\u00fcbung_Januar_2025 (1)\" \/><\/li>\n                <li style=\"display: none; width: 100%;\" class=\"slide-1573 ms-image \" aria-roledescription=\"slide\" aria-label=\"slide-1573\" data-date=\"2025-01-14 11:02:00\"><img loading=\"lazy\" loading=\"lazy\" decoding=\"async\" src=\"https:\/\/www.wasserwacht-auerbach.de\/wp-content\/uploads\/2025\/01\/Eisrettungsuebung_Januar_2025-1-800x600.jpg\" height=\"600\" width=\"800\" alt=\"\" class=\"slider-1561 slide-1573\" title=\"Eisrettungs\u00fcbung_Januar_2025 (1)\" \/><\/li>\n                <li style=\"display: none; width: 100%;\" class=\"slide-1570 ms-image \" aria-roledescription=\"slide\" aria-label=\"slide-1570\" data-date=\"2025-01-14 11:02:00\"><img loading=\"lazy\" loading=\"lazy\" decoding=\"async\" src=\"https:\/\/www.wasserwacht-auerbach.de\/wp-content\/uploads\/2025\/01\/Eisrettungsuebung_Januar_2025-2-800x600.png\" height=\"600\" width=\"800\" alt=\"\" class=\"slider-1561 slide-1570\" title=\"Eisrettungs\u00fcbung_Januar_2025 (2)\" \/><\/li>\n                <li style=\"display: none; width: 100%;\" class=\"slide-1568 ms-image \" aria-roledescription=\"slide\" aria-label=\"slide-1568\" data-date=\"2025-01-14 11:02:00\"><img loading=\"lazy\" loading=\"lazy\" decoding=\"async\" src=\"https:\/\/www.wasserwacht-auerbach.de\/wp-content\/uploads\/2025\/01\/Eisrettungsuebung_Januar_2025-2-scaled-800x600.jpg\" height=\"600\" width=\"800\" alt=\"\" class=\"slider-1561 slide-1568\" title=\"oplus_0\" \/><\/li>\n                <li style=\"display: none; width: 100%;\" class=\"slide-1571 ms-image \" aria-roledescription=\"slide\" aria-label=\"slide-1571\" data-date=\"2025-01-14 11:02:00\"><img loading=\"lazy\" loading=\"lazy\" decoding=\"async\" src=\"https:\/\/www.wasserwacht-auerbach.de\/wp-content\/uploads\/2025\/01\/Eisrettungsuebung_Januar_2025-3-800x600.png\" height=\"600\" width=\"800\" alt=\"\" class=\"slider-1561 slide-1571\" title=\"Eisrettungs\u00fcbung_Januar_2025 (3)\" \/><\/li>\n                <li style=\"display: none; width: 100%;\" class=\"slide-1572 ms-image \" aria-roledescription=\"slide\" aria-label=\"slide-1572\" data-date=\"2025-01-14 11:02:00\"><img loading=\"lazy\" loading=\"lazy\" decoding=\"async\" src=\"https:\/\/www.wasserwacht-auerbach.de\/wp-content\/uploads\/2025\/01\/Eisrettungsuebung_Januar_2025-4-800x600.png\" height=\"600\" width=\"800\" alt=\"\" class=\"slider-1561 slide-1572\" title=\"Eisrettungs\u00fcbung_Januar_2025 (4)\" \/><\/li>\n            <\/ul>\n        <\/div>\n        \n    <\/div>\n<\/div><\/div>\n\n\n\n<p>Die Eisrettung ist ein wichtiger Aspekt der Wasserrettung, der leider aufgrund des Klimas bei uns in der Gegend nicht h\u00e4ufig ge\u00fcbt werden kann. Umso erfreuter waren wir, als der Wetterbericht f\u00fcr das vergangene Wochenende Minusgrade meldete und luden die Kreiswasserwacht zu einer Eisrettungs\u00fcbung in Auerbach ein. \ud83e\udd76<\/p>\n\n\n\n<p>Am Sonntag \u00fcbten wir gemeinsam mit der Wasserwacht Hirschau, Wasserwacht Sulzbach-Rosenberg, Wasserwacht Vilseck-Sorghof und der Wasserwacht Vilstal-K\u00fcmmersbruck ausgiebig den Einsatz mit den altbekannten Eisrettungsschlitten sowie den neu beschafften Sleds. \u26d1\ud83d\udedf<\/p>\n\n\n\n<p>Der Dank gilt allen anwesenden Ortsgruppen und vor allem unseren Technischen Leitern f\u00fcr die Organisation und Leitung der \u00dcbung.<\/p>\n\n\n\n<p>Wasserwacht Auerbach,<br \/>Patsch Nass\ud83d\udca6<\/p>\n<\/div>\n<div class=\"pt-cv-meta-fields\"><span class=\"entry-date\"> <time datetime=\"2025-01-14T11:04:33+01:00\">14.01.2025<\/time><\/span><\/div><\/div>\n<div class=\" pt-cv-content-item pt-cv-2-col\" ><h3 class=\"pt-cv-title\"><a href=\"https:\/\/www.wasserwacht-auerbach.de\/index.php\/2025\/02\/03\/ausbildungsassistent-januar-2025\/\" class=\"_self\" target=\"_self\" >Ausbildungsassistent Januar 2025<\/a><\/h3>\n<div class=\"pt-cv-content\">\n<figure class=\"wp-block-image size-full\"><img loading=\"lazy\" loading=\"lazy\" decoding=\"async\" width=\"2000\" height=\"1500\" src=\"https:\/\/www.wasserwacht-auerbach.de\/wp-content\/uploads\/2025\/02\/Ausbildungsassistent_Januar_2025.jpeg\" alt=\"\" class=\"wp-image-1584\" srcset=\"https:\/\/www.wasserwacht-auerbach.de\/wp-content\/uploads\/2025\/02\/Ausbildungsassistent_Januar_2025.jpeg 2000w, https:\/\/www.wasserwacht-auerbach.de\/wp-content\/uploads\/2025\/02\/Ausbildungsassistent_Januar_2025-500x375.jpeg 500w, https:\/\/www.wasserwacht-auerbach.de\/wp-content\/uploads\/2025\/02\/Ausbildungsassistent_Januar_2025-768x576.jpeg 768w, https:\/\/www.wasserwacht-auerbach.de\/wp-content\/uploads\/2025\/02\/Ausbildungsassistent_Januar_2025-1536x1152.jpeg 1536w\" sizes=\"(max-width: 2000px) 100vw, 2000px\" \/><\/figure>\n\n\n\n<p>Lea und Nina haben in Waldsassen erfolgreich die Ausbildung zum Ausbildungsassistenten (S\/R) absolviert. Der Kurs ging \u00fcber drei Samstage mit schriftlicher und praktischer Pr\u00fcfung am letzten Tag \u2013 mit Erfolg! \ud83d\ude04<\/p>\n\n\n\n<p>Der Ausbildungsassistent ist die Vorstufe zum Lehrschein im Schwimmen oder Rettungsschwimmen und damit ein wichtiger Schritt in der Ausbilderlaufbahn. \ud83d\udc4f<\/p>\n\n\n\n<p>Herzlichen Gl\u00fcckwunsch euch beiden!<\/p>\n\n\n\n<p>Wasserwacht Auerbach,<br \/>Patsch Nass! \ud83d\udca6<\/p>\n<\/div>\n<div class=\"pt-cv-meta-fields\"><span class=\"entry-date\"> <time datetime=\"2025-02-03T23:19:54+01:00\">03.02.2025<\/time><\/span><\/div><\/div><\/div><\/div>\n<div class=\" pt-cv-pagination-wrapper\"><ul class=\"pt-cv-pagination pt-cv-ajax pagination\" data-totalpages=\"5\" data-currentpage=\"1\" data-sid=\"eb7010d1v5\" data-unid=\"\" data-isblock=\"\" data-postid=\"\"><li class=\"active\"><a href=\"#\">1<\/a><\/li>\n\t<li ><a class=\"\" href=\"https:\/\/www.wasserwacht-auerbach.de\/index.php\/wp-json\/wp\/v2\/pages\/1877\/?_page=2\">2<\/a><\/li>\n\t<li ><a class=\"\" href=\"https:\/\/www.wasserwacht-auerbach.de\/index.php\/wp-json\/wp\/v2\/pages\/1877\/?_page=3\">3<\/a><\/li>\n\t<li ><a href=\"#\">&hellip;<\/a><\/li>\n\t<li ><a class=\"\" href=\"https:\/\/www.wasserwacht-auerbach.de\/index.php\/wp-json\/wp\/v2\/pages\/1877\/?_page=5\">5<\/a><\/li>\n\t<li ><a class=\" \" href=\"https:\/\/www.wasserwacht-auerbach.de\/index.php\/wp-json\/wp\/v2\/pages\/1877\/?_page=2\">&rsaquo;<\/a><\/li>\n\t<\/ul><img loading=\"lazy\" decoding=\"async\" width=\"15\" height=\"15\" class=\"pt-cv-spinner\" alt=\"Wird geladen\u00a0\u2026\" src=\"data:image\/gif;base64,R0lGODlhDwAPALMPAMrKygwMDJOTkz09PZWVla+vr3p6euTk5M7OzuXl5TMzMwAAAJmZmWZmZszMzP\/\/\/yH\/C05FVFNDQVBFMi4wAwEAAAAh+QQFCgAPACwAAAAADwAPAAAEQvDJaZaZOIcV8iQK8VRX4iTYoAwZ4iCYoAjZ4RxejhVNoT+mRGP4cyF4Pp0N98sBGIBMEMOotl6YZ3S61Bmbkm4mAgAh+QQFCgAPACwAAAAADQANAAAENPDJSRSZeA418itN8QiK8BiLITVsFiyBBIoYqnoewAD4xPw9iY4XLGYSjkQR4UAUD45DLwIAIfkEBQoADwAsAAAAAA8ACQAABC\/wyVlamTi3nSdgwFNdhEJgTJoNyoB9ISYoQmdjiZPcj7EYCAeCF1gEDo4Dz2eIAAAh+QQFCgAPACwCAAAADQANAAAEM\/DJBxiYeLKdX3IJZT1FU0iIg2RNKx3OkZVnZ98ToRD4MyiDnkAh6BkNC0MvsAj0kMpHBAAh+QQFCgAPACwGAAAACQAPAAAEMDC59KpFDll73HkAA2wVY5KgiK5b0RRoI6MuzG6EQqCDMlSGheEhUAgqgUUAFRySIgAh+QQFCgAPACwCAAIADQANAAAEM\/DJKZNLND\/kkKaHc3xk+QAMYDKsiaqmZCxGVjSFFCxB1vwy2oOgIDxuucxAMTAJFAJNBAAh+QQFCgAPACwAAAYADwAJAAAEMNAs86q1yaWwwv2Ig0jUZx3OYa4XoRAfwADXoAwfo1+CIjyFRuEho60aSNYlOPxEAAAh+QQFCgAPACwAAAIADQANAAAENPA9s4y8+IUVcqaWJ4qEQozSoAzoIyhCK2NFU2SJk0hNnyEOhKR2AzAAj4Pj4GE4W0bkJQIAOw==\" \/><div class=\"clear pt-cv-clear-pagination\"><\/div><\/div><\/div>\t\t\t<style type=\"text\/css\" id=\"pt-cv-inline-style-bc3bd17qps\">\n#pt-cv-view-eb7010d1v5 .pt-cv-thumb-wrapper:not(.miniwrap) { width: 40%; }#pt-cv-view-eb7010d1v5 .pt-cv-thumbnail:not(.pt-cv-thumbnailsm) { height: 300px; }#pt-cv-view-eb7010d1v5 > .pt-cv-page {grid-template-columns: repeat(1, 1fr);grid-gap: 30px;}\n@media all and (max-width: 1024px) { \n#pt-cv-view-eb7010d1v5 > .pt-cv-page {grid-template-columns: repeat(1, 1fr);}\n} \n@media all and (max-width: 767px) { \n#pt-cv-view-eb7010d1v5 > .pt-cv-page {grid-template-columns: repeat(1, 1fr);}\n} <\/style>\r\n\t\t\t\n\n\n\n<p><\/p>\n","protected":false},"excerpt":{"rendered":"","protected":false},"author":3,"featured_media":0,"parent":0,"menu_order":0,"comment_status":"closed","ping_status":"closed","template":"","meta":{"footnotes":""},"class_list":["post-1877","page","type-page","status-publish","hentry"],"_links":{"self":[{"href":"https:\/\/www.wasserwacht-auerbach.de\/index.php\/wp-json\/wp\/v2\/pages\/1877","targetHints":{"allow":["GET"]}}],"collection":[{"href":"https:\/\/www.wasserwacht-auerbach.de\/index.php\/wp-json\/wp\/v2\/pages"}],"about":[{"href":"https:\/\/www.wasserwacht-auerbach.de\/index.php\/wp-json\/wp\/v2\/types\/page"}],"author":[{"embeddable":true,"href":"https:\/\/www.wasserwacht-auerbach.de\/index.php\/wp-json\/wp\/v2\/users\/3"}],"replies":[{"embeddable":true,"href":"https:\/\/www.wasserwacht-auerbach.de\/index.php\/wp-json\/wp\/v2\/comments?post=1877"}],"version-history":[{"count":2,"href":"https:\/\/www.wasserwacht-auerbach.de\/index.php\/wp-json\/wp\/v2\/pages\/1877\/revisions"}],"predecessor-version":[{"id":1883,"href":"https:\/\/www.wasserwacht-auerbach.de\/index.php\/wp-json\/wp\/v2\/pages\/1877\/revisions\/1883"}],"wp:attachment":[{"href":"https:\/\/www.wasserwacht-auerbach.de\/index.php\/wp-json\/wp\/v2\/media?parent=1877"}],"curies":[{"name":"wp","href":"https:\/\/api.w.org\/{rel}","templated":true}]}}